{"id":1783,"date":"2012-11-22T20:57:38","date_gmt":"2012-11-22T20:57:38","guid":{"rendered":"http:\/\/latexfaltbe.webhosting.be\/?page_id=1783"},"modified":"2012-12-11T12:21:50","modified_gmt":"2012-12-11T12:21:50","slug":"e-floor-rcwa","status":"publish","type":"page","link":"https:\/\/latexfalt.be\/fr\/sols-industriels\/sols-synthetiques\/e-floor-rcwa\/","title":{"rendered":"E-floor RCWA"},"content":{"rendered":"<p><img loading=\"lazy\" decoding=\"async\" class=\"alignright size-full wp-image-1051\" title=\"E-floor-RCWA\" src=\"https:\/\/latexfalt.be\/wp-content\/uploads\/E-floor-RCWA.jpg\" alt=\"E-floor RCWA\" width=\"150\" height=\"150\" \/>Le E-floor RCWA est une peinture d&rsquo;origine hydrique \u00e0 deux composants \u00e0 base de r\u00e9sines \u00e9poxy et de (?) plus dur. Le rev\u00eatement poss\u00e8de une haute r\u00e9sistance m\u00e9canique et chimique.<\/p>\n<p>Le rev\u00eatement peut \u00eatre appliqu\u00e9 dans tous les espaces d\u2019usage l\u00e9ger \u00e0 moyen, comme les magasins, les bureaux, les h\u00f4pitaux, etc. L&rsquo;avantage de RCWA est qu&rsquo;il peut \u00eatre appliqu\u00e9 en une couche fine, ce qui entra\u00eene une faible consommation du produit.<\/p>\n<p>&nbsp;<\/p>\n<div class=\"tabs_container\">\n<ul class=\"tabs\">\n<li><a href=\"#\">Avantages<\/a><\/li>\n<\/ul>\n<div class=\"panes\">\n<div class=\"pane\">\n<ul class=\"star-list\">\n<li>Tr\u00e8s bonne adh\u00e9rence aux surfaces rugueuses et autres surfaces \u00e9poxy<\/li>\n<li>Haute r\u00e9sistance \u00e0 l\u2019usure<\/li>\n<li>Bonne r\u00e9sistance aux produits chimiques<\/li>\n<li>Facile d\u2019usage et d\u2019entretien<\/li>\n<li>Finition mat<\/li>\n<li>Tr\u00e8s appropri\u00e9 comme \u00ab rev\u00eatement de recyclage \u00bb<\/li>\n<\/ul>\n<\/div>\n<\/div>\n<\/div>\n<div class=\"clear\" style=\"margin-bottom:30px;\"><\/div>\n<p>&nbsp;<\/p>\n<p style=\"text-align: right;\"><a class=\"button orange small\" onclick=\"_gaq.push(['_trackEvent', 'contact', 'formulier', 'OfferteFR']);\" href=\"\/fr\/demande-doffre\/\"><span>Demandez une offre<\/span><\/a><\/p>\n","protected":false},"excerpt":{"rendered":"<p>Le E-floor RCWA est une peinture d&rsquo;origine hydrique \u00e0 deux composants \u00e0 base de r\u00e9sines \u00e9poxy et de (?) plus dur. Le rev\u00eatement poss\u00e8de une haute r\u00e9sistance m\u00e9canique et chimique. Le rev\u00eatement peut \u00eatre appliqu\u00e9 dans tous les espaces d\u2019usage l\u00e9ger \u00e0 moyen, comme les magasins, les bureaux, les h\u00f4pitaux, etc. L&rsquo;avantage de RCWA est [&hellip;]<\/p>\n","protected":false},"author":3,"featured_media":1051,"parent":1710,"menu_order":0,"comment_status":"closed","ping_status":"closed","template":"","meta":{"footnotes":""},"class_list":["post-1783","page","type-page","status-publish","has-post-thumbnail","hentry"],"yoast_head":"<!-- This site is optimized with the Yoast SEO plugin v26.2 - https:\/\/yoast.com\/wordpress\/plugins\/seo\/ -->\n<title>E-floor RCWA | Sols industriels et toits de stationnement<\/title>\n<meta name=\"description\" content=\"Le E-floor RCWA est une peinture d&#039;origine hydrique \u00e0 deux composants \u00e0 base de r\u00e9sines \u00e9poxy et de (?) plus dur. Le rev\u00eatement poss\u00e8de une haute\" \/>\n<meta name=\"robots\" content=\"index, follow, max-snippet:-1, max-image-preview:large, max-video-preview:-1\" \/>\n<link rel=\"canonical\" href=\"https:\/\/latexfalt.be\/fr\/sols-industriels\/sols-synthetiques\/e-floor-rcwa\/\" \/>\n<meta property=\"og:locale\" content=\"fr_FR\" \/>\n<meta property=\"og:type\" content=\"article\" \/>\n<meta property=\"og:title\" content=\"E-floor RCWA | Sols industriels et toits de stationnement\" \/>\n<meta property=\"og:description\" content=\"Le E-floor RCWA est une peinture d&#039;origine hydrique \u00e0 deux composants \u00e0 base de r\u00e9sines \u00e9poxy et de (?) plus dur. Le rev\u00eatement poss\u00e8de une haute\" \/>\n<meta property=\"og:url\" content=\"https:\/\/latexfalt.be\/fr\/sols-industriels\/sols-synthetiques\/e-floor-rcwa\/\" \/>\n<meta property=\"og:site_name\" content=\"Sols industriels et toits de stationnement\" \/>\n<meta property=\"article:modified_time\" content=\"2012-12-11T12:21:50+00:00\" \/>\n<meta property=\"og:image\" content=\"https:\/\/latexfalt.be\/wp-content\/uploads\/E-floor-RCWA.jpg\" \/>\n\t<meta property=\"og:image:width\" content=\"150\" \/>\n\t<meta property=\"og:image:height\" content=\"150\" \/>\n\t<meta property=\"og:image:type\" content=\"image\/jpeg\" \/>\n<meta name=\"twitter:card\" content=\"summary_large_image\" \/>\n<meta name=\"twitter:site\" content=\"@industrievloeren\" \/>\n<meta name=\"twitter:label1\" content=\"Dur\u00e9e de lecture est.\" \/>\n\t<meta name=\"twitter:data1\" content=\"1 minute\" \/>\n<script type=\"application\/ld+json\" class=\"yoast-schema-graph\">{\"@context\":\"https:\/\/schema.org\",\"@graph\":[{\"@type\":\"WebPage\",\"@id\":\"https:\/\/latexfalt.be\/fr\/sols-industriels\/sols-synthetiques\/e-floor-rcwa\/\",\"url\":\"https:\/\/latexfalt.be\/fr\/sols-industriels\/sols-synthetiques\/e-floor-rcwa\/\",\"name\":\"E-floor RCWA | Sols industriels et toits de stationnement\",\"isPartOf\":{\"@id\":\"https:\/\/latexfalt.be\/fr\/#website\"},\"primaryImageOfPage\":{\"@id\":\"https:\/\/latexfalt.be\/fr\/sols-industriels\/sols-synthetiques\/e-floor-rcwa\/#primaryimage\"},\"image\":{\"@id\":\"https:\/\/latexfalt.be\/fr\/sols-industriels\/sols-synthetiques\/e-floor-rcwa\/#primaryimage\"},\"thumbnailUrl\":\"https:\/\/latexfalt.be\/wp-content\/uploads\/E-floor-RCWA.jpg\",\"datePublished\":\"2012-11-22T20:57:38+00:00\",\"dateModified\":\"2012-12-11T12:21:50+00:00\",\"description\":\"Le E-floor RCWA est une peinture d'origine hydrique \u00e0 deux composants \u00e0 base de r\u00e9sines \u00e9poxy et de (?) plus dur. Le rev\u00eatement poss\u00e8de une haute\",\"breadcrumb\":{\"@id\":\"https:\/\/latexfalt.be\/fr\/sols-industriels\/sols-synthetiques\/e-floor-rcwa\/#breadcrumb\"},\"inLanguage\":\"fr-BE\",\"potentialAction\":[{\"@type\":\"ReadAction\",\"target\":[\"https:\/\/latexfalt.be\/fr\/sols-industriels\/sols-synthetiques\/e-floor-rcwa\/\"]}]},{\"@type\":\"ImageObject\",\"inLanguage\":\"fr-BE\",\"@id\":\"https:\/\/latexfalt.be\/fr\/sols-industriels\/sols-synthetiques\/e-floor-rcwa\/#primaryimage\",\"url\":\"https:\/\/latexfalt.be\/wp-content\/uploads\/E-floor-RCWA.jpg\",\"contentUrl\":\"https:\/\/latexfalt.be\/wp-content\/uploads\/E-floor-RCWA.jpg\",\"width\":\"150\",\"height\":\"150\",\"caption\":\"E-floor RCWA\"},{\"@type\":\"BreadcrumbList\",\"@id\":\"https:\/\/latexfalt.be\/fr\/sols-industriels\/sols-synthetiques\/e-floor-rcwa\/#breadcrumb\",\"itemListElement\":[{\"@type\":\"ListItem\",\"position\":1,\"name\":\"Home\",\"item\":\"https:\/\/latexfalt.be\/fr\/\"},{\"@type\":\"ListItem\",\"position\":2,\"name\":\"Sols industriels\",\"item\":\"https:\/\/latexfalt.be\/fr\/sols-industriels\/\"},{\"@type\":\"ListItem\",\"position\":3,\"name\":\"Sols synth\u00e9tiques\",\"item\":\"https:\/\/latexfalt.be\/fr\/sols-industriels\/sols-synthetiques\/\"},{\"@type\":\"ListItem\",\"position\":4,\"name\":\"E-floor RCWA\"}]},{\"@type\":\"WebSite\",\"@id\":\"https:\/\/latexfalt.be\/fr\/#website\",\"url\":\"https:\/\/latexfalt.be\/fr\/\",\"name\":\"Sols industriels et toits de stationnement\",\"description\":\"Specialist van industri\u00eble vloersystemen en parkeerdakafwerkingen met een uitgebreid gamma van kunststofvloeren, cementvloeren en bitumenvloeren voor verschillende sectoren\",\"potentialAction\":[{\"@type\":\"SearchAction\",\"target\":{\"@type\":\"EntryPoint\",\"urlTemplate\":\"https:\/\/latexfalt.be\/fr\/?s={search_term_string}\"},\"query-input\":{\"@type\":\"PropertyValueSpecification\",\"valueRequired\":true,\"valueName\":\"search_term_string\"}}],\"inLanguage\":\"fr-BE\"}]}<\/script>\n<!-- \/ Yoast SEO plugin. -->","yoast_head_json":{"title":"E-floor RCWA | Sols industriels et toits de stationnement","description":"Le E-floor RCWA est une peinture d'origine hydrique \u00e0 deux composants \u00e0 base de r\u00e9sines \u00e9poxy et de (?) plus dur. Le rev\u00eatement poss\u00e8de une haute","robots":{"index":"index","follow":"follow","max-snippet":"max-snippet:-1","max-image-preview":"max-image-preview:large","max-video-preview":"max-video-preview:-1"},"canonical":"https:\/\/latexfalt.be\/fr\/sols-industriels\/sols-synthetiques\/e-floor-rcwa\/","og_locale":"fr_FR","og_type":"article","og_title":"E-floor RCWA | Sols industriels et toits de stationnement","og_description":"Le E-floor RCWA est une peinture d'origine hydrique \u00e0 deux composants \u00e0 base de r\u00e9sines \u00e9poxy et de (?) plus dur. Le rev\u00eatement poss\u00e8de une haute","og_url":"https:\/\/latexfalt.be\/fr\/sols-industriels\/sols-synthetiques\/e-floor-rcwa\/","og_site_name":"Sols industriels et toits de stationnement","article_modified_time":"2012-12-11T12:21:50+00:00","og_image":[{"width":150,"height":150,"url":"https:\/\/latexfalt.be\/wp-content\/uploads\/E-floor-RCWA.jpg","type":"image\/jpeg"}],"twitter_card":"summary_large_image","twitter_site":"@industrievloeren","twitter_misc":{"Dur\u00e9e de lecture est.":"1 minute"},"schema":{"@context":"https:\/\/schema.org","@graph":[{"@type":"WebPage","@id":"https:\/\/latexfalt.be\/fr\/sols-industriels\/sols-synthetiques\/e-floor-rcwa\/","url":"https:\/\/latexfalt.be\/fr\/sols-industriels\/sols-synthetiques\/e-floor-rcwa\/","name":"E-floor RCWA | Sols industriels et toits de stationnement","isPartOf":{"@id":"https:\/\/latexfalt.be\/fr\/#website"},"primaryImageOfPage":{"@id":"https:\/\/latexfalt.be\/fr\/sols-industriels\/sols-synthetiques\/e-floor-rcwa\/#primaryimage"},"image":{"@id":"https:\/\/latexfalt.be\/fr\/sols-industriels\/sols-synthetiques\/e-floor-rcwa\/#primaryimage"},"thumbnailUrl":"https:\/\/latexfalt.be\/wp-content\/uploads\/E-floor-RCWA.jpg","datePublished":"2012-11-22T20:57:38+00:00","dateModified":"2012-12-11T12:21:50+00:00","description":"Le E-floor RCWA est une peinture d'origine hydrique \u00e0 deux composants \u00e0 base de r\u00e9sines \u00e9poxy et de (?) plus dur. Le rev\u00eatement poss\u00e8de une haute","breadcrumb":{"@id":"https:\/\/latexfalt.be\/fr\/sols-industriels\/sols-synthetiques\/e-floor-rcwa\/#breadcrumb"},"inLanguage":"fr-BE","potentialAction":[{"@type":"ReadAction","target":["https:\/\/latexfalt.be\/fr\/sols-industriels\/sols-synthetiques\/e-floor-rcwa\/"]}]},{"@type":"ImageObject","inLanguage":"fr-BE","@id":"https:\/\/latexfalt.be\/fr\/sols-industriels\/sols-synthetiques\/e-floor-rcwa\/#primaryimage","url":"https:\/\/latexfalt.be\/wp-content\/uploads\/E-floor-RCWA.jpg","contentUrl":"https:\/\/latexfalt.be\/wp-content\/uploads\/E-floor-RCWA.jpg","width":"150","height":"150","caption":"E-floor RCWA"},{"@type":"BreadcrumbList","@id":"https:\/\/latexfalt.be\/fr\/sols-industriels\/sols-synthetiques\/e-floor-rcwa\/#breadcrumb","itemListElement":[{"@type":"ListItem","position":1,"name":"Home","item":"https:\/\/latexfalt.be\/fr\/"},{"@type":"ListItem","position":2,"name":"Sols industriels","item":"https:\/\/latexfalt.be\/fr\/sols-industriels\/"},{"@type":"ListItem","position":3,"name":"Sols synth\u00e9tiques","item":"https:\/\/latexfalt.be\/fr\/sols-industriels\/sols-synthetiques\/"},{"@type":"ListItem","position":4,"name":"E-floor RCWA"}]},{"@type":"WebSite","@id":"https:\/\/latexfalt.be\/fr\/#website","url":"https:\/\/latexfalt.be\/fr\/","name":"Sols industriels et toits de stationnement","description":"Specialist van industri\u00eble vloersystemen en parkeerdakafwerkingen met een uitgebreid gamma van kunststofvloeren, cementvloeren en bitumenvloeren voor verschillende sectoren","potentialAction":[{"@type":"SearchAction","target":{"@type":"EntryPoint","urlTemplate":"https:\/\/latexfalt.be\/fr\/?s={search_term_string}"},"query-input":{"@type":"PropertyValueSpecification","valueRequired":true,"valueName":"search_term_string"}}],"inLanguage":"fr-BE"}]}},"_links":{"self":[{"href":"https:\/\/latexfalt.be\/fr\/wp-json\/wp\/v2\/pages\/1783","targetHints":{"allow":["GET"]}}],"collection":[{"href":"https:\/\/latexfalt.be\/fr\/wp-json\/wp\/v2\/pages"}],"about":[{"href":"https:\/\/latexfalt.be\/fr\/wp-json\/wp\/v2\/types\/page"}],"author":[{"embeddable":true,"href":"https:\/\/latexfalt.be\/fr\/wp-json\/wp\/v2\/users\/3"}],"replies":[{"embeddable":true,"href":"https:\/\/latexfalt.be\/fr\/wp-json\/wp\/v2\/comments?post=1783"}],"version-history":[{"count":4,"href":"https:\/\/latexfalt.be\/fr\/wp-json\/wp\/v2\/pages\/1783\/revisions"}],"predecessor-version":[{"id":1823,"href":"https:\/\/latexfalt.be\/fr\/wp-json\/wp\/v2\/pages\/1783\/revisions\/1823"}],"up":[{"embeddable":true,"href":"https:\/\/latexfalt.be\/fr\/wp-json\/wp\/v2\/pages\/1710"}],"wp:featuredmedia":[{"embeddable":true,"href":"https:\/\/latexfalt.be\/fr\/wp-json\/wp\/v2\/media\/1051"}],"wp:attachment":[{"href":"https:\/\/latexfalt.be\/fr\/wp-json\/wp\/v2\/media?parent=1783"}],"curies":[{"name":"wp","href":"https:\/\/api.w.org\/{rel}","templated":true}]}}