{"id":1687,"date":"2012-11-20T23:07:36","date_gmt":"2012-11-20T23:07:36","guid":{"rendered":"http:\/\/latexfaltbe.webhosting.be\/?page_id=1687"},"modified":"2012-12-12T13:22:59","modified_gmt":"2012-12-12T13:22:59","slug":"sols-industriels","status":"publish","type":"page","link":"https:\/\/latexfalt.be\/fr\/sols-industriels\/","title":{"rendered":"Sols industriels"},"content":{"rendered":"<p>Au fil du temps, les sols industriels ont connu une \u00e9volution consid\u00e9rable. A travers les nouvelles lois et normes environnementales, mais aussi gr\u00e2ce aux demandes de ses clients, Latexfalt a d\u00e9velopp\u00e9 de nouveaux sols.<\/p>\n<p>Tous nos sols sont pos\u00e9s par notre propre personnel, nous pouvons donc garantir un contr\u00f4le total sur la qualit\u00e9 du travail fourni.<\/p>\n<h2>Des sols industriels pour tous les secteurs d\u2019activit\u00e9<\/h2>\n<p>Chez Latexfalt vous trouvez des sols industriels pour de multiples secteurs d\u2019activit\u00e9. Que vous soyez actifs dans le secteur chimique, pharmaceutique, automobile, de la vente au d\u00e9tail ou dans le secteur \u00e0 but non lucratif, vous trouverez chez nous un sol industriel sur mesure et dans la couleur que vous souhaitez.<\/p>\n<h2>Caract\u00e9ristiques des sols industriels<\/h2>\n<p>Lorsque vous choisissez un sol industriel, les contraintes auxquelles il doit r\u00e9pondre sont elles aussi tr\u00e8s importantes. Il suffit de penser aux exigences de solidit\u00e9, d\u2019imperm\u00e9abilit\u00e9, d\u2019antid\u00e9rapage, d\u2019antistatisme, d\u2019ignifugation, de r\u00e9sistance \u00e0 l&rsquo;abrasion, de r\u00e9sistance \u00e0 la graisse et aux hydrocarbures, d\u2019absence de soudures &#8230;<\/p>\n<h2>Avantages des sols industriels Latexfalt<\/h2>\n<ul class=\"star-list\">\n<li>disponibles en diff\u00e9rentes couleurs<\/li>\n<li>finitions sans soudure<\/li>\n<li>faciles d\u2019entretien<\/li>\n<li>r\u00e9sistants \u00e0 l\u2019usure<\/li>\n<li>perte de hauteur minimale<\/li>\n<\/ul>\n<h2>Gamme des sols industriels<\/h2>\n<p>Latexfalt fournit diff\u00e9rentes sortes de sols industriels. Nous produisons ainsi des sols synth\u00e9tiques (\u00e9poxy &#8211; polyur\u00e9thane &#8211; pu), des sols en ciment, des sols en bitume et des toits de stationnement. <\/p>\n","protected":false},"excerpt":{"rendered":"<p>Au fil du temps, les sols industriels ont connu une \u00e9volution consid\u00e9rable. A travers les nouvelles lois et normes environnementales, mais aussi gr\u00e2ce aux demandes de ses clients, Latexfalt a d\u00e9velopp\u00e9 de nouveaux sols. Tous nos sols sont pos\u00e9s par notre propre personnel, nous pouvons donc garantir un contr\u00f4le total sur la qualit\u00e9 du travail [&hellip;]<\/p>\n","protected":false},"author":3,"featured_media":0,"parent":0,"menu_order":0,"comment_status":"closed","ping_status":"closed","template":"services-template.php","meta":{"footnotes":""},"class_list":["post-1687","page","type-page","status-publish","hentry"],"yoast_head":"<!-- This site is optimized with the Yoast SEO plugin v26.2 - https:\/\/yoast.com\/wordpress\/plugins\/seo\/ -->\n<title>Sols industriels | Sols industriels et toits de stationnement<\/title>\n<meta name=\"description\" content=\"Au fil du temps, les sols industriels ont connu une \u00e9volution consid\u00e9rable. A travers les nouvelles lois et normes environnementales, mais aussi gr\u00e2ce aux\" \/>\n<meta name=\"robots\" content=\"index, follow, max-snippet:-1, max-image-preview:large, max-video-preview:-1\" \/>\n<link rel=\"canonical\" href=\"https:\/\/latexfalt.be\/fr\/sols-industriels\/\" \/>\n<meta property=\"og:locale\" content=\"fr_FR\" \/>\n<meta property=\"og:type\" content=\"article\" \/>\n<meta property=\"og:title\" content=\"Sols industriels | Sols industriels et toits de stationnement\" \/>\n<meta property=\"og:description\" content=\"Au fil du temps, les sols industriels ont connu une \u00e9volution consid\u00e9rable. A travers les nouvelles lois et normes environnementales, mais aussi gr\u00e2ce aux\" \/>\n<meta property=\"og:url\" content=\"https:\/\/latexfalt.be\/fr\/sols-industriels\/\" \/>\n<meta property=\"og:site_name\" content=\"Sols industriels et toits de stationnement\" \/>\n<meta property=\"article:modified_time\" content=\"2012-12-12T13:22:59+00:00\" \/>\n<meta name=\"twitter:card\" content=\"summary_large_image\" \/>\n<meta name=\"twitter:site\" content=\"@industrievloeren\" \/>\n<meta name=\"twitter:label1\" content=\"Dur\u00e9e de lecture est.\" \/>\n\t<meta name=\"twitter:data1\" content=\"1 minute\" \/>\n<script type=\"application\/ld+json\" class=\"yoast-schema-graph\">{\"@context\":\"https:\/\/schema.org\",\"@graph\":[{\"@type\":\"WebPage\",\"@id\":\"https:\/\/latexfalt.be\/fr\/sols-industriels\/\",\"url\":\"https:\/\/latexfalt.be\/fr\/sols-industriels\/\",\"name\":\"Sols industriels | Sols industriels et toits de stationnement\",\"isPartOf\":{\"@id\":\"https:\/\/latexfalt.be\/fr\/#website\"},\"datePublished\":\"2012-11-20T23:07:36+00:00\",\"dateModified\":\"2012-12-12T13:22:59+00:00\",\"description\":\"Au fil du temps, les sols industriels ont connu une \u00e9volution consid\u00e9rable. A travers les nouvelles lois et normes environnementales, mais aussi gr\u00e2ce aux\",\"breadcrumb\":{\"@id\":\"https:\/\/latexfalt.be\/fr\/sols-industriels\/#breadcrumb\"},\"inLanguage\":\"fr-BE\",\"potentialAction\":[{\"@type\":\"ReadAction\",\"target\":[\"https:\/\/latexfalt.be\/fr\/sols-industriels\/\"]}]},{\"@type\":\"BreadcrumbList\",\"@id\":\"https:\/\/latexfalt.be\/fr\/sols-industriels\/#breadcrumb\",\"itemListElement\":[{\"@type\":\"ListItem\",\"position\":1,\"name\":\"Home\",\"item\":\"https:\/\/latexfalt.be\/fr\/\"},{\"@type\":\"ListItem\",\"position\":2,\"name\":\"Sols industriels\"}]},{\"@type\":\"WebSite\",\"@id\":\"https:\/\/latexfalt.be\/fr\/#website\",\"url\":\"https:\/\/latexfalt.be\/fr\/\",\"name\":\"Sols industriels et toits de stationnement\",\"description\":\"Specialist van industri\u00eble vloersystemen en parkeerdakafwerkingen met een uitgebreid gamma van kunststofvloeren, cementvloeren en bitumenvloeren voor verschillende sectoren\",\"potentialAction\":[{\"@type\":\"SearchAction\",\"target\":{\"@type\":\"EntryPoint\",\"urlTemplate\":\"https:\/\/latexfalt.be\/fr\/?s={search_term_string}\"},\"query-input\":{\"@type\":\"PropertyValueSpecification\",\"valueRequired\":true,\"valueName\":\"search_term_string\"}}],\"inLanguage\":\"fr-BE\"}]}<\/script>\n<!-- \/ Yoast SEO plugin. -->","yoast_head_json":{"title":"Sols industriels | Sols industriels et toits de stationnement","description":"Au fil du temps, les sols industriels ont connu une \u00e9volution consid\u00e9rable. A travers les nouvelles lois et normes environnementales, mais aussi gr\u00e2ce aux","robots":{"index":"index","follow":"follow","max-snippet":"max-snippet:-1","max-image-preview":"max-image-preview:large","max-video-preview":"max-video-preview:-1"},"canonical":"https:\/\/latexfalt.be\/fr\/sols-industriels\/","og_locale":"fr_FR","og_type":"article","og_title":"Sols industriels | Sols industriels et toits de stationnement","og_description":"Au fil du temps, les sols industriels ont connu une \u00e9volution consid\u00e9rable. A travers les nouvelles lois et normes environnementales, mais aussi gr\u00e2ce aux","og_url":"https:\/\/latexfalt.be\/fr\/sols-industriels\/","og_site_name":"Sols industriels et toits de stationnement","article_modified_time":"2012-12-12T13:22:59+00:00","twitter_card":"summary_large_image","twitter_site":"@industrievloeren","twitter_misc":{"Dur\u00e9e de lecture est.":"1 minute"},"schema":{"@context":"https:\/\/schema.org","@graph":[{"@type":"WebPage","@id":"https:\/\/latexfalt.be\/fr\/sols-industriels\/","url":"https:\/\/latexfalt.be\/fr\/sols-industriels\/","name":"Sols industriels | Sols industriels et toits de stationnement","isPartOf":{"@id":"https:\/\/latexfalt.be\/fr\/#website"},"datePublished":"2012-11-20T23:07:36+00:00","dateModified":"2012-12-12T13:22:59+00:00","description":"Au fil du temps, les sols industriels ont connu une \u00e9volution consid\u00e9rable. A travers les nouvelles lois et normes environnementales, mais aussi gr\u00e2ce aux","breadcrumb":{"@id":"https:\/\/latexfalt.be\/fr\/sols-industriels\/#breadcrumb"},"inLanguage":"fr-BE","potentialAction":[{"@type":"ReadAction","target":["https:\/\/latexfalt.be\/fr\/sols-industriels\/"]}]},{"@type":"BreadcrumbList","@id":"https:\/\/latexfalt.be\/fr\/sols-industriels\/#breadcrumb","itemListElement":[{"@type":"ListItem","position":1,"name":"Home","item":"https:\/\/latexfalt.be\/fr\/"},{"@type":"ListItem","position":2,"name":"Sols industriels"}]},{"@type":"WebSite","@id":"https:\/\/latexfalt.be\/fr\/#website","url":"https:\/\/latexfalt.be\/fr\/","name":"Sols industriels et toits de stationnement","description":"Specialist van industri\u00eble vloersystemen en parkeerdakafwerkingen met een uitgebreid gamma van kunststofvloeren, cementvloeren en bitumenvloeren voor verschillende sectoren","potentialAction":[{"@type":"SearchAction","target":{"@type":"EntryPoint","urlTemplate":"https:\/\/latexfalt.be\/fr\/?s={search_term_string}"},"query-input":{"@type":"PropertyValueSpecification","valueRequired":true,"valueName":"search_term_string"}}],"inLanguage":"fr-BE"}]}},"_links":{"self":[{"href":"https:\/\/latexfalt.be\/fr\/wp-json\/wp\/v2\/pages\/1687","targetHints":{"allow":["GET"]}}],"collection":[{"href":"https:\/\/latexfalt.be\/fr\/wp-json\/wp\/v2\/pages"}],"about":[{"href":"https:\/\/latexfalt.be\/fr\/wp-json\/wp\/v2\/types\/page"}],"author":[{"embeddable":true,"href":"https:\/\/latexfalt.be\/fr\/wp-json\/wp\/v2\/users\/3"}],"replies":[{"embeddable":true,"href":"https:\/\/latexfalt.be\/fr\/wp-json\/wp\/v2\/comments?post=1687"}],"version-history":[{"count":8,"href":"https:\/\/latexfalt.be\/fr\/wp-json\/wp\/v2\/pages\/1687\/revisions"}],"predecessor-version":[{"id":2115,"href":"https:\/\/latexfalt.be\/fr\/wp-json\/wp\/v2\/pages\/1687\/revisions\/2115"}],"wp:attachment":[{"href":"https:\/\/latexfalt.be\/fr\/wp-json\/wp\/v2\/media?parent=1687"}],"curies":[{"name":"wp","href":"https:\/\/api.w.org\/{rel}","templated":true}]}}